{"id":4721,"date":"2023-10-11T19:38:03","date_gmt":"2023-10-11T19:38:03","guid":{"rendered":"https:\/\/seic.com.co\/?post_type=product&#038;p=4721"},"modified":"2023-10-11T19:41:14","modified_gmt":"2023-10-11T19:41:14","slug":"estacion-meteorologica-inalambrica-vantage-pro2-groweather-6280","status":"publish","type":"product","link":"https:\/\/seic.com.co\/index.php\/product\/estacion-meteorologica-inalambrica-vantage-pro2-groweather-6280\/","title":{"rendered":"Estaci\u00f3n meteorol\u00f3gica inal\u00e1mbrica Vantage Pro2 GroWeather 6280"},"content":{"rendered":"<p>Estaci\u00f3n meteorol\u00f3gica inal\u00e1mbrica Vantage Pro2 GroWeather 6280M<\/p>\n<p>Tiempo de Entrega de 10 a 15 d\u00edas H\u00e1biles.<\/p>\n<p>Caracteristicas tecnicas:<\/p>\n<ul>\n<li>Monitorizaci\u00f3n meteorol\u00f3gica con actualizaciones de datos en tiempo real cada 2,5 segundos.<\/li>\n<li>Alcance de transmisi\u00f3n de 300 m desde el conjunto de sensores a una consola Vantage Pro2 o Vantage Vue, o a una puerta de enlace IP EnviroMonitor.<br \/>\nEl conjunto de sensores incluye temperatura y humedad exteriores (sensores en el escudo contra radiaci\u00f3n pasiva), velocidad y direcci\u00f3n del viento, precipitaciones y radiaci\u00f3n solar.<\/li>\n<li>Monte el anem\u00f3metro a una distancia de hasta 12 m del resto del conjunto de sensores para una ubicaci\u00f3n flexible.<\/li>\n<li>Carcasa resistente a la intemperie<\/li>\n<li>Alimentaci\u00f3n solar con bater\u00eda de reserva.<\/li>\n<li>F\u00e1cil instalaci\u00f3n con los accesorios de montaje incluidos.<\/li>\n<li>La estaci\u00f3n meteorol\u00f3gica tiene un bajo consumo de corriente y un dise\u00f1o modular que permite adicionar componentes posteriormente.<\/li>\n<\/ul>\n","protected":false},"excerpt":{"rendered":"<p>La estaci\u00f3n meteorol\u00f3gica Davis Vantage Pro2 6280 es una estaci\u00f3n meteorol\u00f3gica inal\u00e1mbrica que incluye dos componentes: el Juego de Sensores Integrados (ISS) que aloja y gestiona la informaci\u00f3n externa, y la consola que proporciona al usuario interfaz, visualizaci\u00f3n de datos y c\u00e1lculos. La estaci\u00f3n meteorol\u00f3gica incluye sensores de lluvia, temperatura y humedad, anem\u00f3metro, UV y sensores de radiaci\u00f3n solar en un solo paquete. Los sensores de humedad y temperatura est\u00e1n ubicados en el protector solar para una mejor precisi\u00f3n. La estaci\u00f3n meteorol\u00f3gica puede personalizarse para satisfacer las necesidades espec\u00edficas y el microclima. La estaci\u00f3n meteorol\u00f3gica puede proporcionar pron\u00f3sticos, gr\u00e1ficos en pantalla y mucho m\u00e1s.<\/p>\n","protected":false},"featured_media":4723,"comment_status":"open","ping_status":"closed","template":"","meta":[],"pwb-brand":[664],"etheme_brands":[{"term_id":152,"name":"DAVIS INSTRUMENTS","slug":"davis-instruments","term_group":0,"term_taxonomy_id":152,"taxonomy":"brand","description":"","parent":0,"count":12,"filter":"raw"}],"product_brand":[],"product_cat":[149],"product_tag":[50,57,58],"class_list":{"0":"post-4721","1":"product","2":"type-product","3":"status-publish","4":"has-post-thumbnail","6":"pwb-brand-davis-instruments","7":"brand-davis-instruments","8":"product_cat-estaciones-meteorologicas","9":"product_tag-davis","10":"product_tag-estacin-meteorolgica-domstica","11":"product_tag-instrumento-meteorologico","13":"first","14":"instock","15":"taxable","16":"shipping-taxable","17":"purchasable","18":"product-type-simple"},"brands":[{"id":664,"name":"DAVIS INSTRUMENTS","slug":"davis-instruments"}],"_links":{"self":[{"href":"https:\/\/seic.com.co\/index.php\/wp-json\/wp\/v2\/product\/4721","targetHints":{"allow":["GET"]}}],"collection":[{"href":"https:\/\/seic.com.co\/index.php\/wp-json\/wp\/v2\/product"}],"about":[{"href":"https:\/\/seic.com.co\/index.php\/wp-json\/wp\/v2\/types\/product"}],"replies":[{"embeddable":true,"href":"https:\/\/seic.com.co\/index.php\/wp-json\/wp\/v2\/comments?post=4721"}],"version-history":[{"count":1,"href":"https:\/\/seic.com.co\/index.php\/wp-json\/wp\/v2\/product\/4721\/revisions"}],"predecessor-version":[{"id":4725,"href":"https:\/\/seic.com.co\/index.php\/wp-json\/wp\/v2\/product\/4721\/revisions\/4725"}],"wp:featuredmedia":[{"embeddable":true,"href":"https:\/\/seic.com.co\/index.php\/wp-json\/wp\/v2\/media\/4723"}],"wp:attachment":[{"href":"https:\/\/seic.com.co\/index.php\/wp-json\/wp\/v2\/media?parent=4721"}],"wp:term":[{"taxonomy":"pwb-brand","embeddable":true,"href":"https:\/\/seic.com.co\/index.php\/wp-json\/wp\/v2\/pwb-brand?post=4721"},{"taxonomy":"brand","embeddable":true,"href":"https:\/\/seic.com.co\/index.php\/wp-json\/wp\/v2\/etheme_brands?post=4721"},{"taxonomy":"product_brand","embeddable":true,"href":"https:\/\/seic.com.co\/index.php\/wp-json\/wp\/v2\/product_brand?post=4721"},{"taxonomy":"product_cat","embeddable":true,"href":"https:\/\/seic.com.co\/index.php\/wp-json\/wp\/v2\/product_cat?post=4721"},{"taxonomy":"product_tag","embeddable":true,"href":"https:\/\/seic.com.co\/index.php\/wp-json\/wp\/v2\/product_tag?post=4721"}],"curies":[{"name":"wp","href":"https:\/\/api.w.org\/{rel}","templated":true}]}}